{"id":824,"date":"2021-07-14T09:44:33","date_gmt":"2021-07-14T09:44:33","guid":{"rendered":"https:\/\/rally-kumrovec.com\/2023\/?page_id=824"},"modified":"2023-07-05T08:02:20","modified_gmt":"2023-07-05T08:02:20","slug":"smjestaj","status":"publish","type":"page","link":"https:\/\/rally-kumrovec.com\/2023\/hr\/smjestaj\/","title":{"rendered":"Smje\u0161taj"},"content":{"rendered":"\n<p>U nastavku prona\u0111ite sve slu\u017ebene informacije vezane uz smje\u0161taj. <\/p>\n\n\n\n<figure class=\"wp-block-table\"><table><tbody><tr><td> Terme Tuhelj Hotel Well**** &#8211; <meta charset=\"utf-8\"><\/meta><a href=\"https:\/\/www.terme-tuhelj.hr\/en\/reservations?check_in_day=7&amp;check_in_month=9&amp;check_in_year=2023&amp;nights=3&amp;lang=hr&amp;hotel=bec47bd2aaaf2d6d66c3804c079dd923&amp;partners_access=RALLY2021\" data-type=\"URL\" data-id=\"https:\/\/www.terme-tuhelj.hr\/en\/reservations?check_in_day=7&amp;check_in_month=9&amp;check_in_year=2023&amp;nights=3&amp;lang=hr&amp;hotel=bec47bd2aaaf2d6d66c3804c079dd923&amp;partners_access=RALLY2021\" target=\"_blank\" rel=\"noreferrer noopener\">Rezervacija smje\u0161taja (web forma)<\/a><\/td><td><meta charset=\"utf-8\"><\/meta>5. srpnja<\/td><\/tr><\/tbody><\/table><\/figure>\n\n\n\n<hr class=\"wp-block-separator has-css-opacity\"\/>\n\n\n\n<figure class=\"wp-block-table is-style-regular\"><table><tbody><tr><td class=\"has-text-align-center\" data-align=\"center\"><a href=\"https:\/\/www.terme-tuhelj.hr\/\"><img fetchpriority=\"high\" decoding=\"async\" width=\"497\" height=\"373\" class=\"wp-image-2270\" style=\"width: 150px;\" src=\"https:\/\/rally-kumrovec.com\/2023\/wp-content\/uploads\/2021\/07\/logo-Terrme_vertical.png\" alt=\"\" srcset=\"https:\/\/rally-kumrovec.com\/2023\/wp-content\/uploads\/2021\/07\/logo-Terrme_vertical.png 497w, https:\/\/rally-kumrovec.com\/2023\/wp-content\/uploads\/2021\/07\/logo-Terrme_vertical-300x225.png 300w\" sizes=\"(max-width: 497px) 100vw, 497px\" \/><\/a> <a href=\"http:\/\/www.terme-tuhelj.hr\"><\/a><\/td><td>Terme Tuhelj d.o.o. Ljudevita Gaja 4, Tuheljske Toplice 49215 Tuhelj HR<br>+385 49 203 000<br><a rel=\"noreferrer noopener\" href=\"http:\/\/www.terme-tuhelj.hr\/\" target=\"_blank\">www.terme-tuhelj.hr<\/a><br><a href=\"mailto:info@terme-tuhelj.hr\">info@terme-tuhelj.hr<\/a><\/td><\/tr><tr><td class=\"has-text-align-center\" data-align=\"center\"><a href=\"http:\/\/www.tz-kumrovec-desinic-zagorskasela.hr\"><img decoding=\"async\" width=\"225\" height=\"150\" class=\"wp-image-599\" style=\"width: 150px;\" src=\"https:\/\/rally-kumrovec.com\/2023\/wp-content\/uploads\/2021\/06\/logo-TZ-Kumrovec-fix-1.png\" alt=\"\"><\/a><\/td><td>Vi\u0161e informacija: <br>TZ Kumrovec, Desini\u0107, Zagorska Sela<br><a href=\"https:\/\/www.tz-kumrovec-desinic-zagorskasela.hr\/gastro-_-test\/\">https:\/\/www.tz-kumrovec-desinic-zagorskasela.hr\/<\/a><\/td><\/tr><tr><td class=\"has-text-align-center\" data-align=\"center\"><a href=\"http:\/\/visit-tuhelj-klanjec-trgovisce.hr\"><img decoding=\"async\" width=\"225\" height=\"150\" class=\"wp-image-600\" style=\"width: 150px;\" src=\"https:\/\/rally-kumrovec.com\/2023\/wp-content\/uploads\/2021\/06\/logo-TZ-Tuhelj-fix-1.png\" alt=\"\"><\/a><\/td><td>Vi\u0161e informacija:<br>TZ Tuhelj, Klanjec, Trgovi\u0161\u0107e<br><meta charset=\"utf-8\"><a href=\"https:\/\/www.biserzagorja.hr\/privatni-smjestaj-zagorje\/privatni-smjestaj\">https:\/\/www.biserzagorja.hr\/<\/a><br><br><\/td><\/tr><tr><td class=\"has-text-align-center\" data-align=\"center\"><a href=\"https:\/\/winehill.eu\/\" target=\"_blank\" rel=\"noreferrer noopener\"><img loading=\"lazy\" decoding=\"async\" width=\"220\" height=\"275\" class=\"wp-image-1503\" style=\"width: 90px;\" src=\"https:\/\/rally-kumrovec.com\/2023\/wp-content\/uploads\/2021\/07\/winehill.jpg\" alt=\"\"><\/a><\/td><td>Hostel Wine Hill Desini\u0107<br><a href=\"http:\/\/www.winehill.eu\">www.winehill.eu<\/a><br><\/td><\/tr><\/tbody><\/table><\/figure>\n\n\n\n<p><\/p>\n","protected":false},"excerpt":{"rendered":"<p>U nastavku prona\u0111ite sve slu\u017ebene informacije vezane uz smje\u0161taj. Terme Tuhelj Hotel Well**** &#8211; Rezervacija smje\u0161taja (web forma) 5. srpnja Terme Tuhelj d.o.o. Ljudevita Gaja 4, Tuheljske Toplice 49215 Tuhelj HR+385 49 203 000www.terme-tuhelj.hrinfo@terme-tuhelj.hr Vi\u0161e informacija: TZ Kumrovec, Desini\u0107, Zagorska Selahttps:\/\/www.tz-kumrovec-desinic-zagorskasela.hr\/ Vi\u0161e informacija:TZ Tuhelj, Klanjec, Trgovi\u0161\u0107ehttps:\/\/www.biserzagorja.hr\/ Hostel Wine Hill Desini\u0107www.winehill.eu<\/p>\n","protected":false},"author":1,"featured_media":0,"parent":0,"menu_order":0,"comment_status":"closed","ping_status":"closed","template":"","meta":{"ngg_post_thumbnail":0,"footnotes":""},"_links":{"self":[{"href":"https:\/\/rally-kumrovec.com\/2023\/wp-json\/wp\/v2\/pages\/824"}],"collection":[{"href":"https:\/\/rally-kumrovec.com\/2023\/wp-json\/wp\/v2\/pages"}],"about":[{"href":"https:\/\/rally-kumrovec.com\/2023\/wp-json\/wp\/v2\/types\/page"}],"author":[{"embeddable":true,"href":"https:\/\/rally-kumrovec.com\/2023\/wp-json\/wp\/v2\/users\/1"}],"replies":[{"embeddable":true,"href":"https:\/\/rally-kumrovec.com\/2023\/wp-json\/wp\/v2\/comments?post=824"}],"version-history":[{"count":20,"href":"https:\/\/rally-kumrovec.com\/2023\/wp-json\/wp\/v2\/pages\/824\/revisions"}],"predecessor-version":[{"id":4597,"href":"https:\/\/rally-kumrovec.com\/2023\/wp-json\/wp\/v2\/pages\/824\/revisions\/4597"}],"wp:attachment":[{"href":"https:\/\/rally-kumrovec.com\/2023\/wp-json\/wp\/v2\/media?parent=824"}],"curies":[{"name":"wp","href":"https:\/\/api.w.org\/{rel}","templated":true}]}}